{"id":1251,"date":"2019-12-28T17:21:47","date_gmt":"2019-12-28T17:21:47","guid":{"rendered":"http:\/\/nectar.cat\/?page_id=1251"},"modified":"2023-12-18T16:58:09","modified_gmt":"2023-12-18T16:58:09","slug":"benvinguts","status":"publish","type":"page","link":"https:\/\/nectar.cat\/","title":{"rendered":"Benvinguts nou"},"content":{"rendered":"<\/div><\/div><\/div><!-- close content main div --><\/div><\/div><div id='av_section_1' class='avia-section main_color avia-section-default avia-no-shadow avia-bg-style-parallax avia-full-stretch av-parallax-section  av-minimum-height av-minimum-height-custom container_wrap sidebar_right'  data-section-bg-repeat='stretch' ><div class='av-parallax  avia-full-stretch' data-avia-parallax-ratio='0.3' style = 'background-repeat: no-repeat; background-image: url(https:\/\/nectar.cat\/wp-content\/uploads\/2014\/11\/Nectar_125.jpg); background-attachment: scroll; background-position: bottom center; ' ><\/div><div class='container' style='height:700px'><div class='template-page content  av-content-small alpha units'><div class='post-entry post-entry-type-page post-entry-1251'><div class='entry-content-wrapper clearfix'>\n<div style='height:1px; margin-top:-125px'  class='hr hr-invisible '><span class='hr-inner ' ><span class='hr-inner-style'><\/span><\/span><\/div>\n<div style='padding-bottom:0px;color:#ffffff;font-size:60px;' class='av-special-heading av-special-heading-h3 custom-color-heading blockquote modern-quote  av-thin-font av-inherit-size'><h3 class='av-special-heading-tag'  itemprop=\"headline\"  >1Pastisseria <strong>N\u00e8ctar<\/strong><\/h3><div class ='av-subheading av-subheading_below av_custom_color' style='font-size:24px;'><p>Fleca i pastisseria centen\u00e0ria<br \/>\nDol\u00e7os i pastissos tradicionals i d\u2019avantguarda<\/p>\n<\/div><div class='special-heading-border'><div class='special-heading-inner-border' style='border-color:#ffffff'><\/div><\/div><\/div>\n<\/div><\/div><\/div><!-- close content main div --><\/div><\/div><div id='after_section_1' class='main_color container_wrap sidebar_right'   ><div class='container' ><div class='template-page content  av-content-small alpha units'><div class='post-entry post-entry-type-page post-entry-1251'><div class='entry-content-wrapper clearfix'><\/div><\/div><\/div><!-- close content main div --><\/div><\/div><div id='av_section_2' class='avia-section main_color avia-section-large avia-no-border-styling avia-bg-style-scroll  container_wrap sidebar_right' style = 'background-repeat: no-repeat; background-image: url(https:\/\/nectar.cat\/wp-content\/uploads\/2014\/07\/fruit_bg.jpg); background-attachment: scroll; background-position: bottom right; ' data-section-bg-repeat='no-repeat' ><div class='container' ><div class='template-page content  av-content-small alpha units'><div class='post-entry post-entry-type-page post-entry-1251'><div class='entry-content-wrapper clearfix'>\n<div class=\"flex_column av_two_third first  \"><div  data-size='magazine'  data-lightbox_size='large'  data-animation='fade'  data-ids='835,810,820,824,840,814,803,720,727'  data-video_counter='0'  data-autoplay='true'  data-bg_slider='false'  data-slide_height=''  data-handle='av_slideshow'  data-interval='5'  data-class=''  data-css_id=''  data-scroll_down=''  data-control_layout=''  data-custom_markup=''  data-perma_caption=''  data-autoplay_stopper=''  data-default-height='52.816901408451'  class='avia-slideshow avia-slideshow-1  avia-slideshow-magazine av_slideshow  avia-fade-slider '  itemscope=\"itemscope\" itemtype=\"https:\/\/schema.org\/ImageObject\" ><ul class='avia-slideshow-inner' style='padding-bottom: 52.816901408451%;'><li  class=' slide-1 ' ><div data-rel='slideshow-1' class='avia-slide-wrap'  ><img src='https:\/\/nectar.cat\/wp-content\/uploads\/2014\/11\/Nectar_140-710x375.jpg' width='710' height='375' title='Nectar_140' alt=''  itemprop=\"contentURL\"  \/><\/div><\/li><li  class=' slide-2 ' ><div data-rel='slideshow-1' class='avia-slide-wrap'  ><img src='https:\/\/nectar.cat\/wp-content\/uploads\/2014\/11\/Nectar_115-710x375.jpg' width='710' height='375' title='Nectar_115' alt=''  itemprop=\"contentURL\"  \/><\/div><\/li><li  class=' slide-3 ' ><div data-rel='slideshow-1' class='avia-slide-wrap'  ><img src='https:\/\/nectar.cat\/wp-content\/uploads\/2014\/11\/Nectar_125-710x375.jpg' width='710' height='375' title='Nectar_125' alt=''  itemprop=\"contentURL\"  \/><\/div><\/li><li  class=' slide-4 ' ><div data-rel='slideshow-1' class='avia-slide-wrap'  ><img src='https:\/\/nectar.cat\/wp-content\/uploads\/2014\/11\/Nectar_129-710x375.jpg' width='710' height='375' title='Nectar_129' alt=''  itemprop=\"contentURL\"  \/><\/div><\/li><li  class=' slide-5 ' ><div data-rel='slideshow-1' class='avia-slide-wrap'  ><img src='https:\/\/nectar.cat\/wp-content\/uploads\/2014\/11\/Nectar_145-710x375.jpg' width='710' height='375' title='Nectar_145' alt=''  itemprop=\"contentURL\"  \/><\/div><\/li><li  class=' slide-6 ' ><div data-rel='slideshow-1' class='avia-slide-wrap'  ><img src='https:\/\/nectar.cat\/wp-content\/uploads\/2014\/11\/Nectar_119-710x375.jpg' width='710' height='375' title='Nectar_119' alt=''  itemprop=\"contentURL\"  \/><\/div><\/li><li  class=' slide-7 ' ><div data-rel='slideshow-1' class='avia-slide-wrap'  ><img src='https:\/\/nectar.cat\/wp-content\/uploads\/2014\/11\/Nectar_108-710x375.jpg' width='710' height='375' title='Nectar_108' alt=''  itemprop=\"contentURL\"  \/><\/div><\/li><li  class=' slide-8 ' ><div data-rel='slideshow-1' class='avia-slide-wrap' title='Croissant de xocolata' ><img src='https:\/\/nectar.cat\/wp-content\/uploads\/2014\/11\/Nectar_025-710x375.jpg' width='710' height='375' title='Croissant de xocolata' alt='Fleca i Pastisseria Girona - Cass\u00e0 de la Selva'  itemprop=\"contentURL\"  \/><\/div><\/li><li  class=' slide-9 ' ><div data-rel='slideshow-1' class='avia-slide-wrap' title='Bouquet de pa N\u00e8ctar' ><img src='https:\/\/nectar.cat\/wp-content\/uploads\/2014\/11\/Nectar_032-710x375.jpg' width='710' height='375' title='Bouquet de pa N\u00e8ctar' alt='Fleca i Pastisseria Girona - Cass\u00e0 de la Selva'  itemprop=\"contentURL\"  \/><\/div><\/li><\/ul><div class='avia-slideshow-arrows avia-slideshow-controls'><a href='#prev' class='prev-slide' aria-hidden='true' data-av_icon='\ue87c' data-av_iconfont='entypo-fontello'>Anterior<\/a><a href='#next' class='next-slide' aria-hidden='true' data-av_icon='\ue87d' data-av_iconfont='entypo-fontello'>Posterior<\/a><\/div><div class='avia-slideshow-dots avia-slideshow-controls'><a href='#1' class='goto-slide active' >1<\/a><a href='#2' class='goto-slide ' >2<\/a><a href='#3' class='goto-slide ' >3<\/a><a href='#4' class='goto-slide ' >4<\/a><a href='#5' class='goto-slide ' >5<\/a><a href='#6' class='goto-slide ' >6<\/a><a href='#7' class='goto-slide ' >7<\/a><a href='#8' class='goto-slide ' >8<\/a><a href='#9' class='goto-slide ' >9<\/a><\/div><\/div><\/div><div class=\"flex_column av_one_third   \"><p><div style='padding-bottom:0px;' class='av-special-heading av-special-heading-h2  blockquote modern-quote   av-thin-font'><h2 class='av-special-heading-tag'  itemprop=\"headline\"  >Hist\u00f2ria <span class='special_amp'>&amp;<\/span> <strong>Filosofia<\/strong><\/h2><div class ='av-subheading av-subheading_below ' style='font-size:15px;'><p>Des del 1874<\/p>\n<\/div><div class='special-heading-border'><div class='special-heading-inner-border' ><\/div><\/div><\/div><br \/>\n<section class=\"av_textblock_section\"  itemscope=\"itemscope\" itemtype=\"https:\/\/schema.org\/CreativeWork\" ><div class='avia_textblock '   itemprop=\"text\" ><p>Des del 1874, any de la nostra fundaci\u00f3, les diverses generacions de la fam\u00edlia Cristi\u00e0 hem regentat la fleca i pastisseria N\u00e8ctar de Cass\u00e0 de la Selva.<\/p>\n<p>La nostra gran vocaci\u00f3 i el nostre esperit de recerca de noves emocions &nbsp;s\u00f3n els &nbsp;principals factors que han fet que NECTAR estigui sempre en &nbsp;constant evoluci\u00f3, oferint &nbsp;als nostres paladars una gran varietat de &nbsp;sensacions.<\/p>\n<blockquote>\n<p>Oferim una \u00e0mplia gamma de productes de fleca i pastisseria tradicional, aix\u00ed com els dol\u00e7os i els pastissos d\u2019avantguarda m\u00e9s innovadors.<\/p>\n<\/blockquote>\n<p>A dia d\u2019avui la fleca i pastisseria est\u00e0 dirigida per en Jordi Reverter i l&#8217; Anna Negre descendents directes de la fam\u00edlia Cristi\u00e0-Reverter.<\/p>\n<\/div><\/section><\/p><\/div><div class=\"flex_column av_one_half first  \"><p><div class='avia-image-container avia_animated_image avia_animate_when_almost_visible pop-up av-styling- noHover  av-overlay-on-hover  avia-align-center '  itemscope=\"itemscope\" itemtype=\"https:\/\/schema.org\/ImageObject\"  ><div class='avia-image-container-inner'><a href='https:\/\/nectar.cat\/?page_id=576' class='avia_image'  ><div class='av-image-caption-overlay'><div class='av-image-caption-overlay-position'><div class='av-image-caption-overlay-center' style='font-size: 20px;'><p>M\u00e9s informaci\u00f3&#8230;<\/p>\n<\/div><\/div><\/div><img class='avia_image ' src='https:\/\/nectar.cat\/wp-content\/uploads\/2014\/11\/Nectar_032.jpg' alt='Fleca i Pastisseria Girona - Cass\u00e0 de la Selva' title='Bouquet de pa N\u00e8ctar'  itemprop=\"contentURL\"  \/><\/a><\/div><\/div><br \/>\n<article class=\"iconbox iconbox_left  \"  itemscope=\"itemscope\" itemtype=\"https:\/\/schema.org\/CreativeWork\" ><div class=\"iconbox_content\"><header class=\"entry-content-header\"><div class=\"iconbox_icon heading-color\" aria-hidden='true' data-av_icon='\ue89a' data-av_iconfont='entypo-fontello'  ><\/div><h3 class='iconbox_content_title'  itemprop=\"headline\"  ><a href='https:\/\/nectar.cat\/?page_id=576' title='Forn de pa'  >Forn de pa<\/a><\/h3><\/header><div class='iconbox_content_container '  itemprop=\"text\"  ><p>Totes les nostres elaboracions s\u00f3n artesanals, utilitzant massa mare i els millors ingredients, sense afegir additius ni conservants.<\/p>\n<\/div><\/div><footer class=\"entry-footer\"><\/footer><\/article><\/p><\/div><div class=\"flex_column av_one_half   \"><p><div class='avia-image-container avia_animated_image avia_animate_when_almost_visible pop-up av-styling- noHover  av-overlay-on-hover  avia-align-center '  itemscope=\"itemscope\" itemtype=\"https:\/\/schema.org\/ImageObject\"  ><div class='avia-image-container-inner'><a href='https:\/\/nectar.cat\/?page_id=572' class='avia_image'  ><div class='av-image-caption-overlay'><div class='av-image-caption-overlay-position'><div class='av-image-caption-overlay-center' style='font-size: 20px;'><p>M\u00e9s informaci\u00f3&#8230;<\/p>\n<\/div><\/div><\/div><img class='avia_image ' src='https:\/\/nectar.cat\/wp-content\/uploads\/2014\/11\/Nectar_153.jpg' alt='' title='Nectar_153'  itemprop=\"contentURL\"  \/><\/a><\/div><\/div><br \/>\n<article class=\"iconbox iconbox_left  \"  itemscope=\"itemscope\" itemtype=\"https:\/\/schema.org\/CreativeWork\" ><div class=\"iconbox_content\"><header class=\"entry-content-header\"><div class=\"iconbox_icon heading-color\" aria-hidden='true' data-av_icon='\ue89a' data-av_iconfont='entypo-fontello'  ><\/div><h3 class='iconbox_content_title'  itemprop=\"headline\"  ><a href='https:\/\/nectar.cat\/?page_id=572' title='Pastisseria'  >Pastisseria<\/a><\/h3><\/header><div class='iconbox_content_container '  itemprop=\"text\"  ><p>Pots escullir des del past\u00eds tradicional a la combinaci\u00f3 m\u00e9s innovadora de sabors.<\/p>\n<\/div><\/div><footer class=\"entry-footer\"><\/footer><\/article><\/p><\/div>\n<\/div><\/div><\/div><!-- close content main div --><\/div><\/div><div id='after_section_2' class='main_color container_wrap sidebar_right'   ><div class='container' ><div class='template-page content  av-content-small alpha units'><div class='post-entry post-entry-type-page post-entry-1251'><div class='entry-content-wrapper clearfix'><\/p>\n<\/div><\/div><\/div><!-- close content main div --><\/div><\/div><div id='av_section_3' class='avia-section main_color avia-section-large avia-no-shadow avia-bg-style-parallax avia-full-stretch av-parallax-section  container_wrap sidebar_right'  data-section-bg-repeat='stretch' ><div class='av-parallax  avia-full-stretch' data-avia-parallax-ratio='0.3' style = 'background-repeat: no-repeat; background-image: url(https:\/\/nectar.cat\/wp-content\/uploads\/2014\/11\/Nectar_056.jpg); background-attachment: scroll; background-position: top center; ' ><\/div><div class='container' ><div class='template-page content  av-content-small alpha units'><div class='post-entry post-entry-type-page post-entry-1251'><div class='entry-content-wrapper clearfix'>\n<div style='height:250px' class='hr hr-invisible '><span class='hr-inner ' ><span class='hr-inner-style'><\/span><\/span><\/div>\n<div class=\"flex_column av_two_fifth first  \"><\/div><div class=\"flex_column av_three_fifth   \"><div style='padding-bottom:0px;color:#000000;font-size:60px;' class='av-special-heading av-special-heading-h1 custom-color-heading blockquote modern-quote  av-thin-font av-inherit-size'><h1 class='av-special-heading-tag'  itemprop=\"headline\"  >Jordi <strong>Reverter<\/strong><\/h1><div class ='av-subheading av-subheading_below av_custom_color' style='font-size:20px;'><p>Amb m\u00e9s de 25 anys d\u2019experi\u00e8ncia en el sector de la fleca i la pastisseria.<\/p>\n<\/div><div class='special-heading-border'><div class='special-heading-inner-border' style='border-color:#000000'><\/div><\/div><\/div><\/div>\n<\/div><\/div><\/div><!-- close content main div --><\/div><\/div><div id='after_section_3' class='main_color container_wrap sidebar_right'   ><div class='container' ><div class='template-page content  av-content-small alpha units'><div class='post-entry post-entry-type-page post-entry-1251'><div class='entry-content-wrapper clearfix'>\n<\/div><\/div><\/div><!-- close content main div --><\/div><\/div><div id='av_section_4' class='avia-section main_color avia-section-large avia-no-border-styling avia-bg-style-scroll  container_wrap sidebar_right'   ><div class='container' ><div class='template-page content  av-content-small alpha units'><div class='post-entry post-entry-type-page post-entry-1251'><div class='entry-content-wrapper clearfix'>\n<div class=\"flex_column av_one_full first  \"><p><div style='padding-bottom:0px;' class='av-special-heading av-special-heading-h2  blockquote modern-quote  av-thin-font'><h2 class='av-special-heading-tag'  itemprop=\"headline\"  >Jordi <strong>Reverter<\/strong><\/h2><div class ='av-subheading av-subheading_below ' style='font-size:18px;'><p>PASTISSER I FLEQUER<\/p>\n<\/div><div class='special-heading-border'><div class='special-heading-inner-border' ><\/div><\/div><\/div><br \/>\n<section class=\"av_textblock_section\"  itemscope=\"itemscope\" itemtype=\"https:\/\/schema.org\/CreativeWork\" ><div class='avia_textblock '   itemprop=\"text\" ><p>Jordi Reverter \u00e9s la cinquena generaci\u00f3 d\u2019aquest <strong>modern negoci familiar<\/strong>. Amb m\u00e9s de 25 anys d\u2019experi\u00e8ncia en el sector de la fleca i la pastisseria, en Jordi \u00e9s pastisser i flequer per tradici\u00f3 familiar i vocaci\u00f3 ja que des de ben petit corria per l\u2019obrador vigilat pel seu pare i avi.<\/p>\n<\/div><\/section><br \/>\n<section class=\"av_textblock_section\"  itemscope=\"itemscope\" itemtype=\"https:\/\/schema.org\/CreativeWork\" ><div class='avia_textblock '   itemprop=\"text\" ><p>A part de la formaci\u00f3 que li han trasm\u00e8s aquests, tamb\u00e9 s\u2019ha format en diverses escoles d\u2019Espanya i Fran\u00e7a i t\u00e9 la constant de treballar sempre amb la m\u00e0xima professionalitat i productes de primera qualitat.<\/p>\n<\/div><\/section><\/p><\/div>\n<\/div><\/div><\/div><!-- close content main div --><\/div><\/div><div id='after_section_4' class='main_color container_wrap sidebar_right'   ><div class='container' ><div class='template-page content  av-content-small alpha units'><div class='post-entry post-entry-type-page post-entry-1251'><div class='entry-content-wrapper clearfix'>\n<\/div><\/div><\/div><!-- close content main div --><\/div><\/div><div id='av_section_5' class='avia-section alternate_color avia-section-default avia-no-shadow avia-bg-style-scroll  container_wrap sidebar_right'   ><div class='container' ><div class='template-page content  av-content-small alpha units'><div class='post-entry post-entry-type-page post-entry-1251'><div class='entry-content-wrapper clearfix'>\n<div class=\"flex_column av_one_half first  \"><p><div class='avia-image-container avia_animated_image avia_animate_when_almost_visible pop-up av-styling-  avia-align-center '  itemscope=\"itemscope\" itemtype=\"https:\/\/schema.org\/ImageObject\"  ><div class='avia-image-container-inner'><img class='avia_image ' src='https:\/\/nectar.cat\/wp-content\/uploads\/2014\/07\/DSC_0251.jpg' alt='' title='DSC_0251'   itemprop=\"contentURL\"  \/><\/div><\/div><br \/>\n<article class=\"iconbox iconbox_top main_color  \"  itemscope=\"itemscope\" itemtype=\"https:\/\/schema.org\/CreativeWork\" ><div class=\"iconbox_content\"><header class=\"entry-content-header\"><div class=\"iconbox_icon heading-color\" aria-hidden='true' data-av_icon='\ue854' data-av_iconfont='entypo-fontello'  ><\/div><h3 class='iconbox_content_title'  itemprop=\"headline\"  ><a href='Tel:+ 972460041' title='972460041'  >972460041<\/a><\/h3><\/header><div class='iconbox_content_container '  itemprop=\"text\"  ><p><strong>N\u00e8ctar Cass\u00e0<\/strong><br \/>\nMel, 21<br \/>\nCass\u00e0 de la Selva<\/p>\n<\/div><\/div><footer class=\"entry-footer\"><\/footer><\/article><\/p><\/div><div class=\"flex_column av_one_half   \"><p><div class='avia-image-container avia_animated_image avia_animate_when_almost_visible pop-up av-styling-  avia-align-center '  itemscope=\"itemscope\" itemtype=\"https:\/\/schema.org\/ImageObject\"  ><div class='avia-image-container-inner'><img class='avia_image ' src='https:\/\/nectar.cat\/wp-content\/uploads\/2014\/07\/DSC_0246.jpg' alt='' title='DSC_0246'   itemprop=\"contentURL\"  \/><\/div><\/div><br \/>\n<article class=\"iconbox iconbox_top main_color  \"  itemscope=\"itemscope\" itemtype=\"https:\/\/schema.org\/CreativeWork\" ><div class=\"iconbox_content\"><header class=\"entry-content-header\"><div class=\"iconbox_icon heading-color\" aria-hidden='true' data-av_icon='\ue854' data-av_iconfont='entypo-fontello'  ><\/div><h3 class='iconbox_content_title'  itemprop=\"headline\"  ><a href='tel:+972460108' title='972460108'  >972460108<\/a><\/h3><\/header><div class='iconbox_content_container '  itemprop=\"text\"  ><p><strong>N\u00e8ctar Cass\u00e0<\/strong><br \/>\nL\u2019Esport, 17<br \/>\nCass\u00e0 de la Selva<\/p>\n<\/div><\/div><footer class=\"entry-footer\"><\/footer><\/article><\/p><\/div><div class=\"flex_column av_one_half first  \"><p><div style='padding-bottom:10px;' class='av-special-heading av-special-heading-h1     av-thin-font'><h1 class='av-special-heading-tag'  itemprop=\"headline\"  >Per <strong>enc\u00e0rrecs<\/strong><\/h1><div class='special-heading-border'><div class='special-heading-inner-border' ><\/div><\/div><\/div><br \/>\n<section class=\"av_textblock_section\"  itemscope=\"itemscope\" itemtype=\"https:\/\/schema.org\/CreativeWork\" ><div class='avia_textblock '   itemprop=\"text\" ><p>Per enc\u00e0rrecs o m\u00e9s informaci\u00f3 podeu trucar-nos al tel\u00e8fon 972460041 o enviar-nos un correu electr\u00f2nic a <a href=\"mailto:nectar@nectar.cat\">nectar@nectar.cat<\/a>. Tamb\u00e9 ens podeu visitar personalment al nostre obrador de Cass\u00e0 de la Selva situat al carrer de la mel, n\u00famero 21.<\/p>\n<\/div><\/section><\/p><\/div><div class=\"flex_column av_one_half   \"><p><div style='padding-bottom:10px;' class='av-special-heading av-special-heading-h1     av-thin-font'><h1 class='av-special-heading-tag'  itemprop=\"headline\"  >Contacti amb <strong>Nosaltres<\/strong><\/h1><div class='special-heading-border'><div class='special-heading-inner-border' ><\/div><\/div><\/div><br \/>\n<form action=\"https:\/\/nectar.cat\/\" method=\"post\" class=\"avia_ajax_form  \" data-avia-form-id=\"1\" data-avia-redirect=''><fieldset><p class=' first_form  form_element form_element_half' id='element_avia_nom_1'><label for=\"avia_nom_1\">Nom <abbr class=\"required\" title=\"required\">*<\/abbr><\/label> <input name=\"avia_nom_1\" class=\"text_input is_empty\" type=\"text\" id=\"avia_nom_1\" value=\"\"\/><\/p><p class=' form_element form_element_half' id='element_avia_e-mail_1'><label for=\"avia_e-mail_1\">E-Mail <abbr class=\"required\" title=\"required\">*<\/abbr><\/label> <input name=\"avia_e-mail_1\" class=\"text_input is_email\" type=\"text\" id=\"avia_e-mail_1\" value=\"\"\/><\/p><p class=' first_form  form_element form_fullwidth' id='element_avia_asumpte_1'><label for=\"avia_asumpte_1\">Asumpte <abbr class=\"required\" title=\"required\">*<\/abbr><\/label> <input name=\"avia_asumpte_1\" class=\"text_input is_empty\" type=\"text\" id=\"avia_asumpte_1\" value=\"\"\/><\/p><p class=' first_form  form_element form_fullwidth' id='element_avia_missatge_1'>\t <label for=\"avia_missatge_1\" class=\"textare_label hidden textare_label_avia_missatge_1\">Missatge <abbr class=\"required\" title=\"required\">*<\/abbr><\/label>\t <textarea name=\"avia_missatge_1\" class=\"text_area is_empty\" cols=\"40\" rows=\"7\" id=\"avia_missatge_1\" ><\/textarea><\/p><p class=\"hidden\"><input type=\"text\" name=\"avia_avia_username_1\" class=\"hidden \" id=\"avia_avia_username_1\" value=\"\" \/><\/p><p class=\"form_element \"><input type=\"hidden\" value=\"1\" name=\"avia_generated_form1\" \/><input type=\"submit\" value=\"Enviar\" class=\"button\"  data-sending-label=\"Sending\"\/><\/p><\/fieldset><\/form><div id=\"ajaxresponse_1\" class=\"ajaxresponse ajaxresponse_1 hidden\"><\/div><\/p><\/div>\n<\/div><\/div><\/div><!-- close content main div --><\/div><\/div><div id='after_section_5' class='main_color container_wrap sidebar_right'   ><div class='container' ><div class='template-page content  av-content-small alpha units'><div class='post-entry post-entry-type-page post-entry-1251'><div class='entry-content-wrapper clearfix'>\n","protected":false},"excerpt":{"rendered":"","protected":false},"author":2,"featured_media":0,"parent":0,"menu_order":0,"comment_status":"open","ping_status":"closed","template":"","meta":[],"_links":{"self":[{"href":"https:\/\/nectar.cat\/index.php?rest_route=\/wp\/v2\/pages\/1251"}],"collection":[{"href":"https:\/\/nectar.cat\/index.php?rest_route=\/wp\/v2\/pages"}],"about":[{"href":"https:\/\/nectar.cat\/index.php?rest_route=\/wp\/v2\/types\/page"}],"author":[{"embeddable":true,"href":"https:\/\/nectar.cat\/index.php?rest_route=\/wp\/v2\/users\/2"}],"replies":[{"embeddable":true,"href":"https:\/\/nectar.cat\/index.php?rest_route=%2Fwp%2Fv2%2Fcomments&post=1251"}],"version-history":[{"count":5,"href":"https:\/\/nectar.cat\/index.php?rest_route=\/wp\/v2\/pages\/1251\/revisions"}],"predecessor-version":[{"id":1269,"href":"https:\/\/nectar.cat\/index.php?rest_route=\/wp\/v2\/pages\/1251\/revisions\/1269"}],"wp:attachment":[{"href":"https:\/\/nectar.cat\/index.php?rest_route=%2Fwp%2Fv2%2Fmedia&parent=1251"}],"curies":[{"name":"wp","href":"https:\/\/api.w.org\/{rel}","templated":true}]}}